{"id":1473,"date":"2019-04-09T15:10:56","date_gmt":"2019-04-09T14:10:56","guid":{"rendered":"https:\/\/quad.hr\/politique-de-confidentialite\/"},"modified":"2025-01-22T09:32:22","modified_gmt":"2025-01-22T08:32:22","slug":"politique-de-confidentialite","status":"publish","type":"page","link":"https:\/\/quad.hr\/fr\/politique-de-confidentialite\/","title":{"rendered":"Politique de confidentialit\u00e9"},"content":{"rendered":"\t\t<div data-elementor-type=\"wp-page\" data-elementor-id=\"1473\" class=\"elementor elementor-1473 elementor-3\" data-elementor-post-type=\"page\">\n\t\t\t\t<div class=\"elementor-element elementor-element-4ba97164 e-flex e-con-boxed e-con e-parent\" data-id=\"4ba97164\" data-element_type=\"container\" data-e-type=\"container\" data-settings=\"{&quot;background_background&quot;:&quot;classic&quot;}\">\n\t\t\t\t\t<div class=\"e-con-inner\">\n\t\t\t\t\t<\/div>\n\t\t\t\t<\/div>\n\t\t<div class=\"elementor-element elementor-element-5e0e72c6 e-flex e-con-boxed e-con e-parent\" data-id=\"5e0e72c6\" data-element_type=\"container\" data-e-type=\"container\">\n\t\t\t\t\t<div class=\"e-con-inner\">\n\t\t\t\t<div class=\"elementor-element elementor-element-7cd1e082 elementor-widget elementor-widget-text-editor\" data-id=\"7cd1e082\" data-element_type=\"widget\" data-e-type=\"widget\" data-widget_type=\"text-editor.default\">\n\t\t\t\t\t\t\t\t\t\r\n\r\nPolitique de confidentialit\u00e9\r\nQui sommes-nous\r\n\r\nL&rsquo;adresse de notre site Web est : http:\/\/www.quad.hr.\r\n\r\nQuelles donn\u00e9es personnelles nous collectons et pourquoi nous les collectons\r\n\r\nCommentaires\r\n\r\nLorsque les visiteurs laissent des commentaires sur le site, nous collectons les donn\u00e9es affich\u00e9es dans le formulaire de commentaires, ainsi que l&rsquo;adresse IP du visiteur et la cha\u00eene de l&rsquo;agent utilisateur du navigateur pour aider \u00e0 la d\u00e9tection du spam.\r\n\r\nUne cha\u00eene anonymis\u00e9e cr\u00e9\u00e9e \u00e0 partir de votre adresse e-mail (\u00e9galement appel\u00e9e hachage) peut \u00eatre fournie au service Gravatar pour voir si vous l&rsquo;utilisez. La politique de confidentialit\u00e9 du service Gravatar est disponible ici : https:\/\/automattic.com\/privacy\/. Apr\u00e8s approbation de votre commentaire, votre photo de profil est visible au public dans le contexte de votre commentaire.\r\n\r\nM\u00e9dias\r\n\r\nSi vous t\u00e9l\u00e9chargez des images sur le site Web, vous devez \u00e9viter de t\u00e9l\u00e9charger des images avec des donn\u00e9es de localisation int\u00e9gr\u00e9es (EXIF GPS) incluses. Les visiteurs du site Web peuvent t\u00e9l\u00e9charger et extraire toutes les donn\u00e9es de localisation des images du site Web.\r\n\r\nFormulaires de contact\r\n\r\nCookies\r\n\r\nSi vous laissez un commentaire sur notre site, vous pouvez choisir d&rsquo;enregistrer votre nom, votre adresse e-mail et votre site Web dans des cookies. Ces cookies sont l\u00e0 pour votre confort afin que vous n&rsquo;ayez pas \u00e0 saisir \u00e0 nouveau vos coordonn\u00e9es lorsque vous laisserez un autre commentaire. Ces cookies auront une dur\u00e9e de vie d&rsquo;un an.\r\n\r\nSi vous avez un compte et que vous vous connectez \u00e0 ce site, nous installerons un cookie temporaire afin de d\u00e9terminer si votre navigateur accepte les cookies. Ce cookie ne contient aucune donn\u00e9e personnelle et est supprim\u00e9 lorsque vous fermez votre navigateur.\r\n\r\nLorsque vous vous connectez, nous installons \u00e9galement plusieurs cookies pour enregistrer vos informations de connexion et vos choix d&rsquo;affichage \u00e0 l&rsquo;\u00e9cran. Les cookies de connexion durent deux jours et les cookies d&rsquo;options d&rsquo;\u00e9cran durent un an. Si vous s\u00e9lectionnez \u00ab Se souvenir de moi \u00bb, votre connexion persistera pendant deux semaines. Si vous vous d\u00e9connectez de votre compte, les cookies de connexion seront supprim\u00e9s.\r\n\r\nSi vous modifiez ou publiez un article, un cookie suppl\u00e9mentaire sera enregistr\u00e9 dans votre navigateur. Ce cookie ne comprend aucune donn\u00e9e personnelle et indique simplement l&rsquo;identifiant de l&rsquo;article que vous venez de modifier. Il expire au bout d&rsquo;un jour.\r\n\r\nContenu int\u00e9gr\u00e9 provenant d&rsquo;autres sites Web\r\n\r\nLes articles de ce site peuvent inclure du contenu int\u00e9gr\u00e9 (par exemple des vid\u00e9os, des images, des articles, etc.). Le contenu int\u00e9gr\u00e9 provenant d&rsquo;autres sites Web se comporte exactement de la m\u00eame mani\u00e8re que si le visiteur avait visit\u00e9 l&rsquo;autre site Web.\r\n\r\nCes sites Web peuvent collecter des donn\u00e9es vous concernant, utiliser des cookies, int\u00e9grer un suivi tiers suppl\u00e9mentaire et surveiller votre interaction avec ce contenu int\u00e9gr\u00e9, y compris le suivi de votre interaction avec le contenu int\u00e9gr\u00e9 si vous avez un compte et \u00eates connect\u00e9 \u00e0 ce site Web.\r\n\r\nAnalyse\r\n\r\nAvec qui partageons-nous vos donn\u00e9es\r\n\r\nCombien de temps conservons-nous vos donn\u00e9es\u00a0?\r\n\r\nSi vous laissez un commentaire, le commentaire et ses m\u00e9tadonn\u00e9es sont conserv\u00e9s ind\u00e9finiment. Cela nous permet de reconna\u00eetre et d&rsquo;approuver automatiquement les commentaires de suivi au lieu de les conserver dans une file d&rsquo;attente de mod\u00e9ration.\r\n\r\nPour les utilisateurs qui s&rsquo;inscrivent sur notre site Web (le cas \u00e9ch\u00e9ant), nous stockons \u00e9galement les informations personnelles qu&rsquo;ils fournissent dans leur profil utilisateur. Tous les utilisateurs peuvent voir, modifier ou supprimer leurs informations personnelles \u00e0 tout moment (sauf qu&rsquo;ils ne peuvent pas changer leur nom d&rsquo;utilisateur). Les administrateurs du site Web peuvent \u00e9galement voir et modifier ces informations.\r\n\r\nQuels droits avez-vous sur vos donn\u00e9es\u00a0?\r\n\r\nSi vous avez un compte sur ce site ou si vous avez laiss\u00e9 des commentaires, vous pouvez demander \u00e0 recevoir un fichier export\u00e9 des donn\u00e9es personnelles que nous d\u00e9tenons \u00e0 votre sujet, y compris les donn\u00e9es que vous nous avez fournies. Vous pouvez \u00e9galement demander que nous effacions toutes les donn\u00e9es personnelles que nous d\u00e9tenons \u00e0 votre sujet. Cela n&rsquo;inclut pas les donn\u00e9es que nous sommes oblig\u00e9s de conserver \u00e0 des fins administratives, juridiques ou de s\u00e9curit\u00e9.\r\n\r\nO\u00f9 nous envoyons vos donn\u00e9es\u00a0?\r\n\r\nLes commentaires des visiteurs peuvent \u00eatre v\u00e9rifi\u00e9s via un service automatis\u00e9 de d\u00e9tection de spam.\r\n\r\nVos coordonn\u00e9es\r\n\r\nInformations suppl\u00e9mentaires\r\n\r\nComment nous prot\u00e9geons vos donn\u00e9es\u00a0?\r\n\r\nQuelles proc\u00e9dures de violation de donn\u00e9es avons-nous mises en place\u00a0?\r\n\r\nDe quels tiers recevons-nous des donn\u00e9es\u00a0?\r\n\r\nQuelles d\u00e9cisions automatis\u00e9es et\/ou profilages faisons-nous avec les donn\u00e9es des utilisateurs\u00a0?\r\n\r\nExigences r\u00e9glementaires de divulgation de l&rsquo;industrie\r\n\r\n\t\t\t\t\t\t\t\t<\/div>\n\t\t\t\t\t<\/div>\n\t\t\t\t<\/div>\n\t\t\t\t<\/div>\n\t\t","protected":false},"excerpt":{"rendered":"<p>Politique de confidentialit\u00e9 Qui sommes-nous L&rsquo;adresse de notre site Web est : http:\/\/www.quad.hr. Quelles donn\u00e9es personnelles nous collectons et pourquoi nous les collectons Commentaires Lorsque les visiteurs laissent des commentaires sur le site, nous collectons les donn\u00e9es affich\u00e9es dans le formulaire de commentaires, ainsi que l&rsquo;adresse IP du visiteur et la cha\u00eene de l&rsquo;agent utilisateur [&hellip;]<\/p>\n","protected":false},"author":1,"featured_media":0,"parent":0,"menu_order":0,"comment_status":"closed","ping_status":"closed","template":"elementor_theme","meta":{"_joinchat":[],"footnotes":""},"class_list":["post-1473","page","type-page","status-publish","hentry"],"yoast_head":"<!-- This site is optimized with the Yoast SEO plugin v27.4 - https:\/\/yoast.com\/product\/yoast-seo-wordpress\/ -->\n<title>Politique de confidentialit\u00e9 | Quad &amp; ATV Tours | Adventures Trogir<\/title>\n<meta name=\"robots\" content=\"index, follow, max-snippet:-1, max-image-preview:large, max-video-preview:-1\" \/>\n<link rel=\"canonical\" href=\"https:\/\/quad.hr\/fr\/politique-de-confidentialite\/\" \/>\n<meta property=\"og:locale\" content=\"fr_FR\" \/>\n<meta property=\"og:type\" content=\"article\" \/>\n<meta property=\"og:title\" content=\"Politique de confidentialit\u00e9 | Quad &amp; ATV Tours | Adventures Trogir\" \/>\n<meta property=\"og:description\" content=\"Politique de confidentialit\u00e9 Qui sommes-nous L&rsquo;adresse de notre site Web est : http:\/\/www.quad.hr. Quelles donn\u00e9es personnelles nous collectons et pourquoi nous les collectons Commentaires Lorsque les visiteurs laissent des commentaires sur le site, nous collectons les donn\u00e9es affich\u00e9es dans le formulaire de commentaires, ainsi que l&rsquo;adresse IP du visiteur et la cha\u00eene de l&rsquo;agent utilisateur [&hellip;]\" \/>\n<meta property=\"og:url\" content=\"https:\/\/quad.hr\/fr\/politique-de-confidentialite\/\" \/>\n<meta property=\"og:site_name\" content=\"Quad &amp; ATV Tours | Adventures Trogir\" \/>\n<meta property=\"article:publisher\" content=\"https:\/\/www.facebook.com\/quadadventurestrogir\/\" \/>\n<meta property=\"article:modified_time\" content=\"2025-01-22T08:32:22+00:00\" \/>\n<meta name=\"twitter:card\" content=\"summary_large_image\" \/>\n<meta name=\"twitter:label1\" content=\"Dur\u00e9e de lecture estim\u00e9e\" \/>\n\t<meta name=\"twitter:data1\" content=\"4 minutes\" \/>\n<script type=\"application\/ld+json\" class=\"yoast-schema-graph\">{\"@context\":\"https:\\\/\\\/schema.org\",\"@graph\":[{\"@type\":\"WebPage\",\"@id\":\"https:\\\/\\\/quad.hr\\\/fr\\\/politique-de-confidentialite\\\/\",\"url\":\"https:\\\/\\\/quad.hr\\\/fr\\\/politique-de-confidentialite\\\/\",\"name\":\"Politique de confidentialit\u00e9 | Quad &amp; ATV Tours | Adventures Trogir\",\"isPartOf\":{\"@id\":\"https:\\\/\\\/quad.hr\\\/fr\\\/#website\"},\"datePublished\":\"2019-04-09T14:10:56+00:00\",\"dateModified\":\"2025-01-22T08:32:22+00:00\",\"breadcrumb\":{\"@id\":\"https:\\\/\\\/quad.hr\\\/fr\\\/politique-de-confidentialite\\\/#breadcrumb\"},\"inLanguage\":\"fr-FR\",\"potentialAction\":[{\"@type\":\"ReadAction\",\"target\":[\"https:\\\/\\\/quad.hr\\\/fr\\\/politique-de-confidentialite\\\/\"]}]},{\"@type\":\"BreadcrumbList\",\"@id\":\"https:\\\/\\\/quad.hr\\\/fr\\\/politique-de-confidentialite\\\/#breadcrumb\",\"itemListElement\":[{\"@type\":\"ListItem\",\"position\":1,\"name\":\"Home\",\"item\":\"https:\\\/\\\/quad.hr\\\/fr\\\/\"},{\"@type\":\"ListItem\",\"position\":2,\"name\":\"Politique de confidentialit\u00e9\"}]},{\"@type\":\"WebSite\",\"@id\":\"https:\\\/\\\/quad.hr\\\/fr\\\/#website\",\"url\":\"https:\\\/\\\/quad.hr\\\/fr\\\/\",\"name\":\"Quad | Adventures Trogir\",\"description\":\"quad, tour,  split, trogir, adventures, excursion, adrenaline, ride, buggy, ATV, rent\",\"potentialAction\":[{\"@type\":\"SearchAction\",\"target\":{\"@type\":\"EntryPoint\",\"urlTemplate\":\"https:\\\/\\\/quad.hr\\\/fr\\\/?s={search_term_string}\"},\"query-input\":{\"@type\":\"PropertyValueSpecification\",\"valueRequired\":true,\"valueName\":\"search_term_string\"}}],\"inLanguage\":\"fr-FR\"}]}<\/script>\n<!-- \/ Yoast SEO plugin. -->","yoast_head_json":{"title":"Politique de confidentialit\u00e9 | Quad &amp; ATV Tours | Adventures Trogir","robots":{"index":"index","follow":"follow","max-snippet":"max-snippet:-1","max-image-preview":"max-image-preview:large","max-video-preview":"max-video-preview:-1"},"canonical":"https:\/\/quad.hr\/fr\/politique-de-confidentialite\/","og_locale":"fr_FR","og_type":"article","og_title":"Politique de confidentialit\u00e9 | Quad &amp; ATV Tours | Adventures Trogir","og_description":"Politique de confidentialit\u00e9 Qui sommes-nous L&rsquo;adresse de notre site Web est : http:\/\/www.quad.hr. Quelles donn\u00e9es personnelles nous collectons et pourquoi nous les collectons Commentaires Lorsque les visiteurs laissent des commentaires sur le site, nous collectons les donn\u00e9es affich\u00e9es dans le formulaire de commentaires, ainsi que l&rsquo;adresse IP du visiteur et la cha\u00eene de l&rsquo;agent utilisateur [&hellip;]","og_url":"https:\/\/quad.hr\/fr\/politique-de-confidentialite\/","og_site_name":"Quad &amp; ATV Tours | Adventures Trogir","article_publisher":"https:\/\/www.facebook.com\/quadadventurestrogir\/","article_modified_time":"2025-01-22T08:32:22+00:00","twitter_card":"summary_large_image","twitter_misc":{"Dur\u00e9e de lecture estim\u00e9e":"4 minutes"},"schema":{"@context":"https:\/\/schema.org","@graph":[{"@type":"WebPage","@id":"https:\/\/quad.hr\/fr\/politique-de-confidentialite\/","url":"https:\/\/quad.hr\/fr\/politique-de-confidentialite\/","name":"Politique de confidentialit\u00e9 | Quad &amp; ATV Tours | Adventures Trogir","isPartOf":{"@id":"https:\/\/quad.hr\/fr\/#website"},"datePublished":"2019-04-09T14:10:56+00:00","dateModified":"2025-01-22T08:32:22+00:00","breadcrumb":{"@id":"https:\/\/quad.hr\/fr\/politique-de-confidentialite\/#breadcrumb"},"inLanguage":"fr-FR","potentialAction":[{"@type":"ReadAction","target":["https:\/\/quad.hr\/fr\/politique-de-confidentialite\/"]}]},{"@type":"BreadcrumbList","@id":"https:\/\/quad.hr\/fr\/politique-de-confidentialite\/#breadcrumb","itemListElement":[{"@type":"ListItem","position":1,"name":"Home","item":"https:\/\/quad.hr\/fr\/"},{"@type":"ListItem","position":2,"name":"Politique de confidentialit\u00e9"}]},{"@type":"WebSite","@id":"https:\/\/quad.hr\/fr\/#website","url":"https:\/\/quad.hr\/fr\/","name":"Quad | Adventures Trogir","description":"quad, tour,  split, trogir, adventures, excursion, adrenaline, ride, buggy, ATV, rent","potentialAction":[{"@type":"SearchAction","target":{"@type":"EntryPoint","urlTemplate":"https:\/\/quad.hr\/fr\/?s={search_term_string}"},"query-input":{"@type":"PropertyValueSpecification","valueRequired":true,"valueName":"search_term_string"}}],"inLanguage":"fr-FR"}]}},"_links":{"self":[{"href":"https:\/\/quad.hr\/fr\/wp-json\/wp\/v2\/pages\/1473","targetHints":{"allow":["GET"]}}],"collection":[{"href":"https:\/\/quad.hr\/fr\/wp-json\/wp\/v2\/pages"}],"about":[{"href":"https:\/\/quad.hr\/fr\/wp-json\/wp\/v2\/types\/page"}],"author":[{"embeddable":true,"href":"https:\/\/quad.hr\/fr\/wp-json\/wp\/v2\/users\/1"}],"replies":[{"embeddable":true,"href":"https:\/\/quad.hr\/fr\/wp-json\/wp\/v2\/comments?post=1473"}],"version-history":[{"count":3,"href":"https:\/\/quad.hr\/fr\/wp-json\/wp\/v2\/pages\/1473\/revisions"}],"predecessor-version":[{"id":1476,"href":"https:\/\/quad.hr\/fr\/wp-json\/wp\/v2\/pages\/1473\/revisions\/1476"}],"wp:attachment":[{"href":"https:\/\/quad.hr\/fr\/wp-json\/wp\/v2\/media?parent=1473"}],"curies":[{"name":"wp","href":"https:\/\/api.w.org\/{rel}","templated":true}]}}