{"id":1447,"date":"2017-03-03T06:52:42","date_gmt":"2017-03-03T05:52:42","guid":{"rendered":"https:\/\/quad.hr\/a-quoi-ca-ressemble\/"},"modified":"2025-01-22T09:23:28","modified_gmt":"2025-01-22T08:23:28","slug":"a-quoi-ca-ressemble","status":"publish","type":"page","link":"https:\/\/quad.hr\/fr\/a-quoi-ca-ressemble\/","title":{"rendered":"\u00c0 quoi \u00e7a ressemble"},"content":{"rendered":"\t\t<div data-elementor-type=\"wp-page\" data-elementor-id=\"1447\" class=\"elementor elementor-1447 elementor-38\" data-elementor-post-type=\"page\">\n\t\t\t\t<div class=\"elementor-element elementor-element-33077beb e-flex e-con-boxed e-con e-parent\" data-id=\"33077beb\" data-element_type=\"container\" data-e-type=\"container\" data-settings=\"{&quot;background_background&quot;:&quot;classic&quot;}\">\n\t\t\t\t\t<div class=\"e-con-inner\">\n\t\t\t\t\t<\/div>\n\t\t\t\t<\/div>\n\t\t<div class=\"elementor-element elementor-element-66978da5 e-flex e-con-boxed e-con e-parent\" data-id=\"66978da5\" data-element_type=\"container\" data-e-type=\"container\" id=\"how-it-looks\">\n\t\t\t\t\t<div class=\"e-con-inner\">\n\t\t\t\t<div class=\"elementor-element elementor-element-7618eb78 elementor-widget elementor-widget-heading\" data-id=\"7618eb78\" data-element_type=\"widget\" data-e-type=\"widget\" data-widget_type=\"heading.default\">\n\t\t\t\t\t<h1 class=\"elementor-heading-title elementor-size-default\">\u00c0 QUOI \u00c7A RESSEMBLE<\/h1>\t\t\t\t<\/div>\n\t\t\t\t<div class=\"elementor-element elementor-element-4e3ece4b elementor-widget elementor-widget-heading\" data-id=\"4e3ece4b\" data-element_type=\"widget\" data-e-type=\"widget\" data-widget_type=\"heading.default\">\n\t\t\t\t\t<p class=\"elementor-heading-title elementor-size-default\">D\u00c9TAILS DE LA VISITE<\/p>\t\t\t\t<\/div>\n\t\t\t\t\t<\/div>\n\t\t\t\t<\/div>\n\t\t<div class=\"elementor-element elementor-element-732d3b5b e-flex e-con-boxed e-con e-parent\" data-id=\"732d3b5b\" data-element_type=\"container\" data-e-type=\"container\">\n\t\t\t\t\t<div class=\"e-con-inner\">\n\t\t<div class=\"elementor-element elementor-element-58628eea e-con-full e-flex e-con e-child\" data-id=\"58628eea\" data-element_type=\"container\" data-e-type=\"container\">\n\t\t\t\t<div class=\"elementor-element elementor-element-22d19064 elementor-view-default elementor-position-block-start elementor-mobile-position-block-start elementor-widget elementor-widget-icon-box\" data-id=\"22d19064\" data-element_type=\"widget\" data-e-type=\"widget\" data-widget_type=\"icon-box.default\">\n\t\t\t\t\t\t\t<div class=\"elementor-icon-box-wrapper\">\n\n\t\t\t\t\t\t<div class=\"elementor-icon-box-icon\">\n\t\t\t\t<span  class=\"elementor-icon\">\n\t\t\t\t<svg aria-hidden=\"true\" class=\"e-font-icon-svg e-fas-star\" viewBox=\"0 0 576 512\" xmlns=\"http:\/\/www.w3.org\/2000\/svg\"><path d=\"M259.3 17.8L194 150.2 47.9 171.5c-26.2 3.8-36.7 36.1-17.7 54.6l105.7 103-25 145.5c-4.5 26.3 23.2 46 46.4 33.7L288 439.6l130.7 68.7c23.2 12.2 50.9-7.4 46.4-33.7l-25-145.5 105.7-103c19-18.5 8.5-50.8-17.7-54.6L382 150.2 316.7 17.8c-11.7-23.6-45.6-23.9-57.4 0z\"><\/path><\/svg>\t\t\t\t<\/span>\n\t\t\t<\/div>\n\t\t\t\n\t\t\t\t\t\t<div class=\"elementor-icon-box-content\">\n\n\t\t\t\t\t\t\t\t\t<h3 class=\"elementor-icon-box-title\">\n\t\t\t\t\t\t<span  >\n\t\t\t\t\t\t\tCOMMENCER\t\t\t\t\t\t<\/span>\n\t\t\t\t\t<\/h3>\n\t\t\t\t\n\t\t\t\t\t\t\t\t\t<p class=\"elementor-icon-box-description\">\n\t\t\t\t\t\tD\u00e9part du village de \u017dedno. Le point de rendez-vous est devant notre bureau et de l\u00e0 nous commen\u00e7ons notre aventure !\t\t\t\t\t<\/p>\n\t\t\t\t\n\t\t\t<\/div>\n\t\t\t\n\t\t<\/div>\n\t\t\t\t\t\t<\/div>\n\t\t\t\t<\/div>\n\t\t<div class=\"elementor-element elementor-element-48ce570a e-con-full e-flex e-con e-child\" data-id=\"48ce570a\" data-element_type=\"container\" data-e-type=\"container\">\n\t\t\t\t<div class=\"elementor-element elementor-element-66986833 elementor-view-default elementor-position-block-start elementor-mobile-position-block-start elementor-widget elementor-widget-icon-box\" data-id=\"66986833\" data-element_type=\"widget\" data-e-type=\"widget\" data-widget_type=\"icon-box.default\">\n\t\t\t\t\t\t\t<div class=\"elementor-icon-box-wrapper\">\n\n\t\t\t\t\t\t<div class=\"elementor-icon-box-icon\">\n\t\t\t\t<span  class=\"elementor-icon\">\n\t\t\t\t<svg aria-hidden=\"true\" class=\"e-font-icon-svg e-fas-info-circle\" viewBox=\"0 0 512 512\" xmlns=\"http:\/\/www.w3.org\/2000\/svg\"><path d=\"M256 8C119.043 8 8 119.083 8 256c0 136.997 111.043 248 248 248s248-111.003 248-248C504 119.083 392.957 8 256 8zm0 110c23.196 0 42 18.804 42 42s-18.804 42-42 42-42-18.804-42-42 18.804-42 42-42zm56 254c0 6.627-5.373 12-12 12h-88c-6.627 0-12-5.373-12-12v-24c0-6.627 5.373-12 12-12h12v-64h-12c-6.627 0-12-5.373-12-12v-24c0-6.627 5.373-12 12-12h64c6.627 0 12 5.373 12 12v100h12c6.627 0 12 5.373 12 12v24z\"><\/path><\/svg>\t\t\t\t<\/span>\n\t\t\t<\/div>\n\t\t\t\n\t\t\t\t\t\t<div class=\"elementor-icon-box-content\">\n\n\t\t\t\t\t\t\t\t\t<h3 class=\"elementor-icon-box-title\">\n\t\t\t\t\t\t<span  >\n\t\t\t\t\t\t\tTUTORIEL\t\t\t\t\t\t<\/span>\n\t\t\t\t\t<\/h3>\n\t\t\t\t\n\t\t\t\t\t\t\t\t\t<p class=\"elementor-icon-box-description\">\n\t\t\t\t\t\tPendant que nous sommes encore sur la route, nos instructeurs vous donnent un tutoriel de base sur la conduite du Quad.\t\t\t\t\t<\/p>\n\t\t\t\t\n\t\t\t<\/div>\n\t\t\t\n\t\t<\/div>\n\t\t\t\t\t\t<\/div>\n\t\t\t\t<\/div>\n\t\t<div class=\"elementor-element elementor-element-7f877ae3 e-con-full e-flex e-con e-child\" data-id=\"7f877ae3\" data-element_type=\"container\" data-e-type=\"container\">\n\t\t\t\t<div class=\"elementor-element elementor-element-78cd9ec1 elementor-view-default elementor-position-block-start elementor-mobile-position-block-start elementor-widget elementor-widget-icon-box\" data-id=\"78cd9ec1\" data-element_type=\"widget\" data-e-type=\"widget\" data-widget_type=\"icon-box.default\">\n\t\t\t\t\t\t\t<div class=\"elementor-icon-box-wrapper\">\n\n\t\t\t\t\t\t<div class=\"elementor-icon-box-icon\">\n\t\t\t\t<span  class=\"elementor-icon\">\n\t\t\t\t<svg aria-hidden=\"true\" class=\"e-font-icon-svg e-fas-road\" viewBox=\"0 0 576 512\" xmlns=\"http:\/\/www.w3.org\/2000\/svg\"><path d=\"M573.19 402.67l-139.79-320C428.43 71.29 417.6 64 405.68 64h-97.59l2.45 23.16c.5 4.72-3.21 8.84-7.96 8.84h-29.16c-4.75 0-8.46-4.12-7.96-8.84L267.91 64h-97.59c-11.93 0-22.76 7.29-27.73 18.67L2.8 402.67C-6.45 423.86 8.31 448 30.54 448h196.84l10.31-97.68c.86-8.14 7.72-14.32 15.91-14.32h68.8c8.19 0 15.05 6.18 15.91 14.32L348.62 448h196.84c22.23 0 36.99-24.14 27.73-45.33zM260.4 135.16a8 8 0 0 1 7.96-7.16h39.29c4.09 0 7.53 3.09 7.96 7.16l4.6 43.58c.75 7.09-4.81 13.26-11.93 13.26h-40.54c-7.13 0-12.68-6.17-11.93-13.26l4.59-43.58zM315.64 304h-55.29c-9.5 0-16.91-8.23-15.91-17.68l5.07-48c.86-8.14 7.72-14.32 15.91-14.32h45.15c8.19 0 15.05 6.18 15.91 14.32l5.07 48c1 9.45-6.41 17.68-15.91 17.68z\"><\/path><\/svg>\t\t\t\t<\/span>\n\t\t\t<\/div>\n\t\t\t\n\t\t\t\t\t\t<div class=\"elementor-icon-box-content\">\n\n\t\t\t\t\t\t\t\t\t<h3 class=\"elementor-icon-box-title\">\n\t\t\t\t\t\t<span  >\n\t\t\t\t\t\t\tChemin de terre\t\t\t\t\t\t<\/span>\n\t\t\t\t\t<\/h3>\n\t\t\t\t\n\t\t\t\t\t\t\t\t\t<p class=\"elementor-icon-box-description\">\n\t\t\t\t\t\tApr\u00e8s le cours, nous vous emm\u00e8nerons sur un chemin de terre sur l'\u00eele de \u010ciovo. De \u017dedno, nous irons au bout du chemin de terre juste \u00e0 c\u00f4t\u00e9 du village de Slatine.\t\t\t\t\t<\/p>\n\t\t\t\t\n\t\t\t<\/div>\n\t\t\t\n\t\t<\/div>\n\t\t\t\t\t\t<\/div>\n\t\t\t\t<\/div>\n\t\t<div class=\"elementor-element elementor-element-542181a e-con-full e-flex e-con e-child\" data-id=\"542181a\" data-element_type=\"container\" data-e-type=\"container\">\n\t\t\t\t<div class=\"elementor-element elementor-element-704a1e5d elementor-view-default elementor-position-block-start elementor-mobile-position-block-start elementor-widget elementor-widget-icon-box\" data-id=\"704a1e5d\" data-element_type=\"widget\" data-e-type=\"widget\" data-widget_type=\"icon-box.default\">\n\t\t\t\t\t\t\t<div class=\"elementor-icon-box-wrapper\">\n\n\t\t\t\t\t\t<div class=\"elementor-icon-box-icon\">\n\t\t\t\t<span  class=\"elementor-icon\">\n\t\t\t\t<svg aria-hidden=\"true\" class=\"e-font-icon-svg e-fas-binoculars\" viewBox=\"0 0 512 512\" xmlns=\"http:\/\/www.w3.org\/2000\/svg\"><path d=\"M416 48c0-8.84-7.16-16-16-16h-64c-8.84 0-16 7.16-16 16v48h96V48zM63.91 159.99C61.4 253.84 3.46 274.22 0 404v44c0 17.67 14.33 32 32 32h96c17.67 0 32-14.33 32-32V288h32V128H95.84c-17.63 0-31.45 14.37-31.93 31.99zm384.18 0c-.48-17.62-14.3-31.99-31.93-31.99H320v160h32v160c0 17.67 14.33 32 32 32h96c17.67 0 32-14.33 32-32v-44c-3.46-129.78-61.4-150.16-63.91-244.01zM176 32h-64c-8.84 0-16 7.16-16 16v48h96V48c0-8.84-7.16-16-16-16zm48 256h64V128h-64v160z\"><\/path><\/svg>\t\t\t\t<\/span>\n\t\t\t<\/div>\n\t\t\t\n\t\t\t\t\t\t<div class=\"elementor-icon-box-content\">\n\n\t\t\t\t\t\t\t\t\t<h3 class=\"elementor-icon-box-title\">\n\t\t\t\t\t\t<span  >\n\t\t\t\t\t\t\tPOINT DE VUE\t\t\t\t\t\t<\/span>\n\t\t\t\t\t<\/h3>\n\t\t\t\t\n\t\t\t\t\t\t\t\t\t<p class=\"elementor-icon-box-description\">\n\t\t\t\t\t\tAu cours de notre aventure jusqu'au bout de la route, nous nous arr\u00eatons \u00e0 quelques points de vue o\u00f9 vous pourrez profiter d'une vue imprenable sur l'archipel des \u00eeles et une nature \u00e9poustouflante !\t\t\t\t\t<\/p>\n\t\t\t\t\n\t\t\t<\/div>\n\t\t\t\n\t\t<\/div>\n\t\t\t\t\t\t<\/div>\n\t\t\t\t<\/div>\n\t\t<div class=\"elementor-element elementor-element-229a943c e-con-full e-flex e-con e-child\" data-id=\"229a943c\" data-element_type=\"container\" data-e-type=\"container\">\n\t\t\t\t<div class=\"elementor-element elementor-element-611f3bd2 elementor-view-default elementor-position-block-start elementor-mobile-position-block-start elementor-widget elementor-widget-icon-box\" data-id=\"611f3bd2\" data-element_type=\"widget\" data-e-type=\"widget\" data-widget_type=\"icon-box.default\">\n\t\t\t\t\t\t\t<div class=\"elementor-icon-box-wrapper\">\n\n\t\t\t\t\t\t<div class=\"elementor-icon-box-icon\">\n\t\t\t\t<span  class=\"elementor-icon\">\n\t\t\t\t<svg aria-hidden=\"true\" class=\"e-font-icon-svg e-fas-flag-checkered\" viewBox=\"0 0 512 512\" xmlns=\"http:\/\/www.w3.org\/2000\/svg\"><path d=\"M243.2 189.9V258c26.1 5.9 49.3 15.6 73.6 22.3v-68.2c-26-5.8-49.4-15.5-73.6-22.2zm223.3-123c-34.3 15.9-76.5 31.9-117 31.9C296 98.8 251.7 64 184.3 64c-25 0-47.3 4.4-68 12 2.8-7.3 4.1-15.2 3.6-23.6C118.1 24 94.8 1.2 66.3 0 34.3-1.3 8 24.3 8 56c0 19 9.5 35.8 24 45.9V488c0 13.3 10.7 24 24 24h16c13.3 0 24-10.7 24-24v-94.4c28.3-12.1 63.6-22.1 114.4-22.1 53.6 0 97.8 34.8 165.2 34.8 48.2 0 86.7-16.3 122.5-40.9 8.7-6 13.8-15.8 13.8-26.4V95.9c.1-23.3-24.2-38.8-45.4-29zM169.6 325.5c-25.8 2.7-50 8.2-73.6 16.6v-70.5c26.2-9.3 47.5-15 73.6-17.4zM464 191c-23.6 9.8-46.3 19.5-73.6 23.9V286c24.8-3.4 51.4-11.8 73.6-26v70.5c-25.1 16.1-48.5 24.7-73.6 27.1V286c-27 3.7-47.9 1.5-73.6-5.6v67.4c-23.9-7.4-47.3-16.7-73.6-21.3V258c-19.7-4.4-40.8-6.8-73.6-3.8v-70c-22.4 3.1-44.6 10.2-73.6 20.9v-70.5c33.2-12.2 50.1-19.8 73.6-22v71.6c27-3.7 48.4-1.3 73.6 5.7v-67.4c23.7 7.4 47.2 16.7 73.6 21.3v68.4c23.7 5.3 47.6 6.9 73.6 2.7V143c27-4.8 52.3-13.6 73.6-22.5z\"><\/path><\/svg>\t\t\t\t<\/span>\n\t\t\t<\/div>\n\t\t\t\n\t\t\t\t\t\t<div class=\"elementor-icon-box-content\">\n\n\t\t\t\t\t\t\t\t\t<h3 class=\"elementor-icon-box-title\">\n\t\t\t\t\t\t<span  >\n\t\t\t\t\t\t\tFINITION\t\t\t\t\t\t<\/span>\n\t\t\t\t\t<\/h3>\n\t\t\t\t\n\t\t\t\t\t\t\t\t\t<p class=\"elementor-icon-box-description\">\n\t\t\t\t\t\tAu bout de l'\u00eele de \u010ciovo, nous nous arr\u00eatons \u00e0 un point de vue d'o\u00f9 vous pourrez profiter d'une vue sur la ville de Split, Marjan, Ka\u0161tela, l'\u00eele de Bra\u010d et \u0160olta. Apr\u00e8s une petite pause, nous revenons d'o\u00f9 nous avons commenc\u00e9.\t\t\t\t\t<\/p>\n\t\t\t\t\n\t\t\t<\/div>\n\t\t\t\n\t\t<\/div>\n\t\t\t\t\t\t<\/div>\n\t\t\t\t<\/div>\n\t\t\t\t\t<\/div>\n\t\t\t\t<\/div>\n\t\t\t\t<\/div>\n\t\t","protected":false},"excerpt":{"rendered":"<p>\u00c0 QUOI \u00c7A RESSEMBLE D\u00c9TAILS DE LA VISITE COMMENCER D\u00e9part du village de \u017dedno. Le point de rendez-vous est devant notre bureau et de l\u00e0 nous commen\u00e7ons notre aventure ! TUTORIEL Pendant que nous sommes encore sur la route, nos instructeurs vous donnent un tutoriel de base sur la conduite du Quad. Chemin de terre [&hellip;]<\/p>\n","protected":false},"author":1,"featured_media":0,"parent":0,"menu_order":0,"comment_status":"closed","ping_status":"closed","template":"elementor_theme","meta":{"_joinchat":[],"footnotes":""},"class_list":["post-1447","page","type-page","status-publish","hentry"],"yoast_head":"<!-- This site is optimized with the Yoast SEO plugin v27.3 - https:\/\/yoast.com\/product\/yoast-seo-wordpress\/ -->\n<title>\u00c0 quoi \u00e7a ressemble | Quad &amp; ATV Tours | Adventures Trogir<\/title>\n<meta name=\"robots\" content=\"index, follow, max-snippet:-1, max-image-preview:large, max-video-preview:-1\" \/>\n<link rel=\"canonical\" href=\"https:\/\/quad.hr\/fr\/a-quoi-ca-ressemble\/\" \/>\n<meta property=\"og:locale\" content=\"fr_FR\" \/>\n<meta property=\"og:type\" content=\"article\" \/>\n<meta property=\"og:title\" content=\"\u00c0 quoi \u00e7a ressemble | Quad &amp; ATV Tours | Adventures Trogir\" \/>\n<meta property=\"og:description\" content=\"\u00c0 QUOI \u00c7A RESSEMBLE D\u00c9TAILS DE LA VISITE COMMENCER D\u00e9part du village de \u017dedno. Le point de rendez-vous est devant notre bureau et de l\u00e0 nous commen\u00e7ons notre aventure ! TUTORIEL Pendant que nous sommes encore sur la route, nos instructeurs vous donnent un tutoriel de base sur la conduite du Quad. Chemin de terre [&hellip;]\" \/>\n<meta property=\"og:url\" content=\"https:\/\/quad.hr\/fr\/a-quoi-ca-ressemble\/\" \/>\n<meta property=\"og:site_name\" content=\"Quad &amp; ATV Tours | Adventures Trogir\" \/>\n<meta property=\"article:publisher\" content=\"https:\/\/www.facebook.com\/quadadventurestrogir\/\" \/>\n<meta property=\"article:modified_time\" content=\"2025-01-22T08:23:28+00:00\" \/>\n<meta name=\"twitter:card\" content=\"summary_large_image\" \/>\n<meta name=\"twitter:label1\" content=\"Dur\u00e9e de lecture estim\u00e9e\" \/>\n\t<meta name=\"twitter:data1\" content=\"1 minute\" \/>\n<script type=\"application\/ld+json\" class=\"yoast-schema-graph\">{\"@context\":\"https:\\\/\\\/schema.org\",\"@graph\":[{\"@type\":\"WebPage\",\"@id\":\"https:\\\/\\\/quad.hr\\\/fr\\\/a-quoi-ca-ressemble\\\/\",\"url\":\"https:\\\/\\\/quad.hr\\\/fr\\\/a-quoi-ca-ressemble\\\/\",\"name\":\"\u00c0 quoi \u00e7a ressemble | Quad &amp; ATV Tours | Adventures Trogir\",\"isPartOf\":{\"@id\":\"https:\\\/\\\/quad.hr\\\/fr\\\/#website\"},\"datePublished\":\"2017-03-03T05:52:42+00:00\",\"dateModified\":\"2025-01-22T08:23:28+00:00\",\"breadcrumb\":{\"@id\":\"https:\\\/\\\/quad.hr\\\/fr\\\/a-quoi-ca-ressemble\\\/#breadcrumb\"},\"inLanguage\":\"fr-FR\",\"potentialAction\":[{\"@type\":\"ReadAction\",\"target\":[\"https:\\\/\\\/quad.hr\\\/fr\\\/a-quoi-ca-ressemble\\\/\"]}]},{\"@type\":\"BreadcrumbList\",\"@id\":\"https:\\\/\\\/quad.hr\\\/fr\\\/a-quoi-ca-ressemble\\\/#breadcrumb\",\"itemListElement\":[{\"@type\":\"ListItem\",\"position\":1,\"name\":\"Home\",\"item\":\"https:\\\/\\\/quad.hr\\\/fr\\\/\"},{\"@type\":\"ListItem\",\"position\":2,\"name\":\"\u00c0 quoi \u00e7a ressemble\"}]},{\"@type\":\"WebSite\",\"@id\":\"https:\\\/\\\/quad.hr\\\/fr\\\/#website\",\"url\":\"https:\\\/\\\/quad.hr\\\/fr\\\/\",\"name\":\"Quad | Adventures Trogir\",\"description\":\"quad, tour,  split, trogir, adventures, excursion, adrenaline, ride, buggy, ATV, rent\",\"potentialAction\":[{\"@type\":\"SearchAction\",\"target\":{\"@type\":\"EntryPoint\",\"urlTemplate\":\"https:\\\/\\\/quad.hr\\\/fr\\\/?s={search_term_string}\"},\"query-input\":{\"@type\":\"PropertyValueSpecification\",\"valueRequired\":true,\"valueName\":\"search_term_string\"}}],\"inLanguage\":\"fr-FR\"}]}<\/script>\n<!-- \/ Yoast SEO plugin. -->","yoast_head_json":{"title":"\u00c0 quoi \u00e7a ressemble | Quad &amp; ATV Tours | Adventures Trogir","robots":{"index":"index","follow":"follow","max-snippet":"max-snippet:-1","max-image-preview":"max-image-preview:large","max-video-preview":"max-video-preview:-1"},"canonical":"https:\/\/quad.hr\/fr\/a-quoi-ca-ressemble\/","og_locale":"fr_FR","og_type":"article","og_title":"\u00c0 quoi \u00e7a ressemble | Quad &amp; ATV Tours | Adventures Trogir","og_description":"\u00c0 QUOI \u00c7A RESSEMBLE D\u00c9TAILS DE LA VISITE COMMENCER D\u00e9part du village de \u017dedno. Le point de rendez-vous est devant notre bureau et de l\u00e0 nous commen\u00e7ons notre aventure ! TUTORIEL Pendant que nous sommes encore sur la route, nos instructeurs vous donnent un tutoriel de base sur la conduite du Quad. Chemin de terre [&hellip;]","og_url":"https:\/\/quad.hr\/fr\/a-quoi-ca-ressemble\/","og_site_name":"Quad &amp; ATV Tours | Adventures Trogir","article_publisher":"https:\/\/www.facebook.com\/quadadventurestrogir\/","article_modified_time":"2025-01-22T08:23:28+00:00","twitter_card":"summary_large_image","twitter_misc":{"Dur\u00e9e de lecture estim\u00e9e":"1 minute"},"schema":{"@context":"https:\/\/schema.org","@graph":[{"@type":"WebPage","@id":"https:\/\/quad.hr\/fr\/a-quoi-ca-ressemble\/","url":"https:\/\/quad.hr\/fr\/a-quoi-ca-ressemble\/","name":"\u00c0 quoi \u00e7a ressemble | Quad &amp; ATV Tours | Adventures Trogir","isPartOf":{"@id":"https:\/\/quad.hr\/fr\/#website"},"datePublished":"2017-03-03T05:52:42+00:00","dateModified":"2025-01-22T08:23:28+00:00","breadcrumb":{"@id":"https:\/\/quad.hr\/fr\/a-quoi-ca-ressemble\/#breadcrumb"},"inLanguage":"fr-FR","potentialAction":[{"@type":"ReadAction","target":["https:\/\/quad.hr\/fr\/a-quoi-ca-ressemble\/"]}]},{"@type":"BreadcrumbList","@id":"https:\/\/quad.hr\/fr\/a-quoi-ca-ressemble\/#breadcrumb","itemListElement":[{"@type":"ListItem","position":1,"name":"Home","item":"https:\/\/quad.hr\/fr\/"},{"@type":"ListItem","position":2,"name":"\u00c0 quoi \u00e7a ressemble"}]},{"@type":"WebSite","@id":"https:\/\/quad.hr\/fr\/#website","url":"https:\/\/quad.hr\/fr\/","name":"Quad | Adventures Trogir","description":"quad, tour,  split, trogir, adventures, excursion, adrenaline, ride, buggy, ATV, rent","potentialAction":[{"@type":"SearchAction","target":{"@type":"EntryPoint","urlTemplate":"https:\/\/quad.hr\/fr\/?s={search_term_string}"},"query-input":{"@type":"PropertyValueSpecification","valueRequired":true,"valueName":"search_term_string"}}],"inLanguage":"fr-FR"}]}},"_links":{"self":[{"href":"https:\/\/quad.hr\/fr\/wp-json\/wp\/v2\/pages\/1447","targetHints":{"allow":["GET"]}}],"collection":[{"href":"https:\/\/quad.hr\/fr\/wp-json\/wp\/v2\/pages"}],"about":[{"href":"https:\/\/quad.hr\/fr\/wp-json\/wp\/v2\/types\/page"}],"author":[{"embeddable":true,"href":"https:\/\/quad.hr\/fr\/wp-json\/wp\/v2\/users\/1"}],"replies":[{"embeddable":true,"href":"https:\/\/quad.hr\/fr\/wp-json\/wp\/v2\/comments?post=1447"}],"version-history":[{"count":1,"href":"https:\/\/quad.hr\/fr\/wp-json\/wp\/v2\/pages\/1447\/revisions"}],"predecessor-version":[{"id":1449,"href":"https:\/\/quad.hr\/fr\/wp-json\/wp\/v2\/pages\/1447\/revisions\/1449"}],"wp:attachment":[{"href":"https:\/\/quad.hr\/fr\/wp-json\/wp\/v2\/media?parent=1447"}],"curies":[{"name":"wp","href":"https:\/\/api.w.org\/{rel}","templated":true}]}}