{"id":1445,"date":"2017-03-03T06:35:19","date_gmt":"2017-03-03T05:35:19","guid":{"rendered":"https:\/\/quad.hr\/a-propos-de-nous\/"},"modified":"2025-04-24T16:07:20","modified_gmt":"2025-04-24T15:07:20","slug":"a-propos-de-nous","status":"publish","type":"page","link":"https:\/\/quad.hr\/fr\/a-propos-de-nous\/","title":{"rendered":"\u00c0 propos de nous"},"content":{"rendered":"\t\t<div data-elementor-type=\"wp-page\" data-elementor-id=\"1445\" class=\"elementor elementor-1445 elementor-24\" data-elementor-post-type=\"page\">\n\t\t\t\t<div class=\"elementor-element elementor-element-153752a9 e-flex e-con-boxed e-con e-parent\" data-id=\"153752a9\" data-element_type=\"container\" data-e-type=\"container\" data-settings=\"{&quot;background_background&quot;:&quot;classic&quot;}\">\n\t\t\t\t\t<div class=\"e-con-inner\">\n\t\t\t\t\t<\/div>\n\t\t\t\t<\/div>\n\t\t<div class=\"elementor-element elementor-element-587cb9ff e-flex e-con-boxed e-con e-parent\" data-id=\"587cb9ff\" data-element_type=\"container\" data-e-type=\"container\" id=\"about\">\n\t\t\t\t\t<div class=\"e-con-inner\">\n\t\t\t\t<div class=\"elementor-element elementor-element-440d3dff elementor-widget elementor-widget-image\" data-id=\"440d3dff\" data-element_type=\"widget\" data-e-type=\"widget\" data-widget_type=\"image.default\">\n\t\t\t\t\t\t\t\t\t\t\t\t\t\t\t<img decoding=\"async\" width=\"90\" height=\"90\" src=\"https:\/\/quad.hr\/wp-content\/uploads\/2019\/04\/logo-green@2x.png\" class=\"attachment-large size-large wp-image-283\" alt=\"\" \/>\t\t\t\t\t\t\t\t\t\t\t\t\t\t\t<\/div>\n\t\t\t\t<div class=\"elementor-element elementor-element-69c6aad4 elementor-widget elementor-widget-heading\" data-id=\"69c6aad4\" data-element_type=\"widget\" data-e-type=\"widget\" data-widget_type=\"heading.default\">\n\t\t\t\t\t<h1 class=\"elementor-heading-title elementor-size-default\"><span style=\"color:#24bca4\">\u00c0 PROPOS DE NOUS<\/span><\/h1>\t\t\t\t<\/div>\n\t\t\t\t<div class=\"elementor-element elementor-element-99d7d69 elementor-widget elementor-widget-text-editor\" data-id=\"99d7d69\" data-element_type=\"widget\" data-e-type=\"widget\" data-widget_type=\"text-editor.default\">\n\t\t\t\t\t\t\t\t\t<p>Nous proposons des aventures en quad depuis pr\u00e8s de dix ans. Vivez la nature en toute s\u00e9curit\u00e9 avec nos instructeurs.<\/p>\n<p>Nous pouvons vous garantir une balade inoubliable\u00a0!<\/p>\n\t\t\t\t\t\t\t\t<\/div>\n\t\t\t\t\t<\/div>\n\t\t\t\t<\/div>\n\t\t<div class=\"elementor-element elementor-element-ffe7c8e e-flex e-con-boxed e-con e-parent\" data-id=\"ffe7c8e\" data-element_type=\"container\" data-e-type=\"container\" id=\"services\" data-settings=\"{&quot;background_background&quot;:&quot;classic&quot;}\">\n\t\t\t\t\t<div class=\"e-con-inner\">\n\t\t<div class=\"elementor-element elementor-element-8f10893 e-con-full e-flex e-con e-child\" data-id=\"8f10893\" data-element_type=\"container\" data-e-type=\"container\">\n\t\t\t\t<div class=\"elementor-element elementor-element-4998900 elementor-view-default elementor-position-block-start elementor-mobile-position-block-start elementor-widget elementor-widget-icon-box\" data-id=\"4998900\" data-element_type=\"widget\" data-e-type=\"widget\" data-widget_type=\"icon-box.default\">\n\t\t\t\t\t\t\t<div class=\"elementor-icon-box-wrapper\">\n\n\t\t\t\t\t\t<div class=\"elementor-icon-box-icon\">\n\t\t\t\t<span  class=\"elementor-icon\">\n\t\t\t\t<svg aria-hidden=\"true\" class=\"e-font-icon-svg e-far-thumbs-up\" viewBox=\"0 0 512 512\" xmlns=\"http:\/\/www.w3.org\/2000\/svg\"><path d=\"M466.27 286.69C475.04 271.84 480 256 480 236.85c0-44.015-37.218-85.58-85.82-85.58H357.7c4.92-12.81 8.85-28.13 8.85-46.54C366.55 31.936 328.86 0 271.28 0c-61.607 0-58.093 94.933-71.76 108.6-22.747 22.747-49.615 66.447-68.76 83.4H32c-17.673 0-32 14.327-32 32v240c0 17.673 14.327 32 32 32h64c14.893 0 27.408-10.174 30.978-23.95 44.509 1.001 75.06 39.94 177.802 39.94 7.22 0 15.22.01 22.22.01 77.117 0 111.986-39.423 112.94-95.33 13.319-18.425 20.299-43.122 17.34-66.99 9.854-18.452 13.664-40.343 8.99-62.99zm-61.75 53.83c12.56 21.13 1.26 49.41-13.94 57.57 7.7 48.78-17.608 65.9-53.12 65.9h-37.82c-71.639 0-118.029-37.82-171.64-37.82V240h10.92c28.36 0 67.98-70.89 94.54-97.46 28.36-28.36 18.91-75.63 37.82-94.54 47.27 0 47.27 32.98 47.27 56.73 0 39.17-28.36 56.72-28.36 94.54h103.99c21.11 0 37.73 18.91 37.82 37.82.09 18.9-12.82 37.81-22.27 37.81 13.489 14.555 16.371 45.236-5.21 65.62zM88 432c0 13.255-10.745 24-24 24s-24-10.745-24-24 10.745-24 24-24 24 10.745 24 24z\"><\/path><\/svg>\t\t\t\t<\/span>\n\t\t\t<\/div>\n\t\t\t\n\t\t\t\t\t\t<div class=\"elementor-icon-box-content\">\n\n\t\t\t\t\t\t\t\t\t<h4 class=\"elementor-icon-box-title\">\n\t\t\t\t\t\t<span  >\n\t\t\t\t\t\t\tL'AVENTURE D'UNE VIE!\t\t\t\t\t\t<\/span>\n\t\t\t\t\t<\/h4>\n\t\t\t\t\n\t\t\t\t\t\t\t\t\t<p class=\"elementor-icon-box-description\">\n\t\t\t\t\t\tLaissez-nous vous emmener dans l'aventure de votre vie\u00a0!<br>Notre instructeur de s\u00e9curit\u00e9 qualifi\u00e9 vous fera d\u00e9couvrir la mani\u00e8re s\u00fbre et amusante d'explorer notre magnifique nature sauvage sur votre propre quad. Rouler \u00e0 travers les sentiers de brousse et de montagne uniques de la Dalmatie est une fa\u00e7on passionnante de d\u00e9couvrir les magnifiques paysages que la c\u00f4te dalmate a \u00e0 offrir.\t\t\t\t\t<\/p>\n\t\t\t\t\n\t\t\t<\/div>\n\t\t\t\n\t\t<\/div>\n\t\t\t\t\t\t<\/div>\n\t\t\t\t<\/div>\n\t\t<div class=\"elementor-element elementor-element-6c17a5b5 e-con-full e-flex e-con e-child\" data-id=\"6c17a5b5\" data-element_type=\"container\" data-e-type=\"container\">\n\t\t\t\t<div class=\"elementor-element elementor-element-22b958ab elementor-view-default elementor-position-block-start elementor-mobile-position-block-start elementor-widget elementor-widget-icon-box\" data-id=\"22b958ab\" data-element_type=\"widget\" data-e-type=\"widget\" data-widget_type=\"icon-box.default\">\n\t\t\t\t\t\t\t<div class=\"elementor-icon-box-wrapper\">\n\n\t\t\t\t\t\t<div class=\"elementor-icon-box-icon\">\n\t\t\t\t<span  class=\"elementor-icon\">\n\t\t\t\t<svg aria-hidden=\"true\" class=\"e-font-icon-svg e-fas-users\" viewBox=\"0 0 640 512\" xmlns=\"http:\/\/www.w3.org\/2000\/svg\"><path d=\"M96 224c35.3 0 64-28.7 64-64s-28.7-64-64-64-64 28.7-64 64 28.7 64 64 64zm448 0c35.3 0 64-28.7 64-64s-28.7-64-64-64-64 28.7-64 64 28.7 64 64 64zm32 32h-64c-17.6 0-33.5 7.1-45.1 18.6 40.3 22.1 68.9 62 75.1 109.4h66c17.7 0 32-14.3 32-32v-32c0-35.3-28.7-64-64-64zm-256 0c61.9 0 112-50.1 112-112S381.9 32 320 32 208 82.1 208 144s50.1 112 112 112zm76.8 32h-8.3c-20.8 10-43.9 16-68.5 16s-47.6-6-68.5-16h-8.3C179.6 288 128 339.6 128 403.2V432c0 26.5 21.5 48 48 48h288c26.5 0 48-21.5 48-48v-28.8c0-63.6-51.6-115.2-115.2-115.2zm-223.7-13.4C161.5 263.1 145.6 256 128 256H64c-35.3 0-64 28.7-64 64v32c0 17.7 14.3 32 32 32h65.9c6.3-47.4 34.9-87.3 75.2-109.4z\"><\/path><\/svg>\t\t\t\t<\/span>\n\t\t\t<\/div>\n\t\t\t\n\t\t\t\t\t\t<div class=\"elementor-icon-box-content\">\n\n\t\t\t\t\t\t\t\t\t<h4 class=\"elementor-icon-box-title\">\n\t\t\t\t\t\t<span  >\n\t\t\t\t\t\t\tAVENTURE EN FAMILLE!\t\t\t\t\t\t<\/span>\n\t\t\t\t\t<\/h4>\n\t\t\t\t\n\t\t\t\t\t\t\t\t\t<p class=\"elementor-icon-box-description\">\n\t\t\t\t\t\tQuad Adventures propose des aventures familiales s\u00fbres et passionnantes dans un environnement naturel. Aucune exp\u00e9rience n'est n\u00e9cessaire et une formation compl\u00e8te est dispens\u00e9e. Nous organisons votre aventure familiale en fonction de vos capacit\u00e9s.\t\t\t\t\t<\/p>\n\t\t\t\t\n\t\t\t<\/div>\n\t\t\t\n\t\t<\/div>\n\t\t\t\t\t\t<\/div>\n\t\t\t\t<\/div>\n\t\t<div class=\"elementor-element elementor-element-5b10690d e-con-full e-flex e-con e-child\" data-id=\"5b10690d\" data-element_type=\"container\" data-e-type=\"container\">\n\t\t\t\t<div class=\"elementor-element elementor-element-19e272f3 elementor-view-default elementor-position-block-start elementor-mobile-position-block-start elementor-widget elementor-widget-icon-box\" data-id=\"19e272f3\" data-element_type=\"widget\" data-e-type=\"widget\" data-widget_type=\"icon-box.default\">\n\t\t\t\t\t\t\t<div class=\"elementor-icon-box-wrapper\">\n\n\t\t\t\t\t\t<div class=\"elementor-icon-box-icon\">\n\t\t\t\t<span  class=\"elementor-icon\">\n\t\t\t\t<svg aria-hidden=\"true\" class=\"e-font-icon-svg e-fas-child\" viewBox=\"0 0 384 512\" xmlns=\"http:\/\/www.w3.org\/2000\/svg\"><path d=\"M120 72c0-39.765 32.235-72 72-72s72 32.235 72 72c0 39.764-32.235 72-72 72s-72-32.236-72-72zm254.627 1.373c-12.496-12.497-32.758-12.497-45.254 0L242.745 160H141.254L54.627 73.373c-12.496-12.497-32.758-12.497-45.254 0-12.497 12.497-12.497 32.758 0 45.255L104 213.254V480c0 17.673 14.327 32 32 32h16c17.673 0 32-14.327 32-32V368h16v112c0 17.673 14.327 32 32 32h16c17.673 0 32-14.327 32-32V213.254l94.627-94.627c12.497-12.497 12.497-32.757 0-45.254z\"><\/path><\/svg>\t\t\t\t<\/span>\n\t\t\t<\/div>\n\t\t\t\n\t\t\t\t\t\t<div class=\"elementor-icon-box-content\">\n\n\t\t\t\t\t\t\t\t\t<h4 class=\"elementor-icon-box-title\">\n\t\t\t\t\t\t<span  >\n\t\t\t\t\t\t\tADAPT\u00c9 \u00c0 TOUS LES \u00c2GES !\t\t\t\t\t\t<\/span>\n\t\t\t\t\t<\/h4>\n\t\t\t\t\n\t\t\t\t\t\t\t\t\t<p class=\"elementor-icon-box-description\">\n\t\t\t\t\t\tNos aventures sont adapt\u00e9es \u00e0 tous les \u00e2ges\u00a0!<br>Les enfants font partie de notre famille chez Quad Adventures et tout le monde peut vivre l'exp\u00e9rience de conduire son propre v\u00e9hicule \u00e0 quatre roues.<br>ENFANT (5 \u00e0 12 ans)<br>ADULTE (13 ans et plus)\t\t\t\t\t<\/p>\n\t\t\t\t\n\t\t\t<\/div>\n\t\t\t\n\t\t<\/div>\n\t\t\t\t\t\t<\/div>\n\t\t\t\t<\/div>\n\t\t\t\t\t<\/div>\n\t\t\t\t<\/div>\n\t\t<div class=\"elementor-element elementor-element-6663db37 e-flex e-con-boxed e-con e-parent\" data-id=\"6663db37\" data-element_type=\"container\" data-e-type=\"container\" data-settings=\"{&quot;background_background&quot;:&quot;classic&quot;}\">\n\t\t\t\t\t<div class=\"e-con-inner\">\n\t\t<div class=\"elementor-element elementor-element-73f49e96 e-con-full e-flex e-con e-child\" data-id=\"73f49e96\" data-element_type=\"container\" data-e-type=\"container\">\n\t\t\t\t<div class=\"elementor-element elementor-element-1d2e5091 elementor-view-default elementor-position-block-start elementor-mobile-position-block-start elementor-widget elementor-widget-icon-box\" data-id=\"1d2e5091\" data-element_type=\"widget\" data-e-type=\"widget\" data-widget_type=\"icon-box.default\">\n\t\t\t\t\t\t\t<div class=\"elementor-icon-box-wrapper\">\n\n\t\t\t\t\t\t<div class=\"elementor-icon-box-icon\">\n\t\t\t\t<span  class=\"elementor-icon\">\n\t\t\t\t<svg aria-hidden=\"true\" class=\"e-font-icon-svg e-fas-suitcase\" viewBox=\"0 0 512 512\" xmlns=\"http:\/\/www.w3.org\/2000\/svg\"><path d=\"M128 480h256V80c0-26.5-21.5-48-48-48H176c-26.5 0-48 21.5-48 48v400zm64-384h128v32H192V96zm320 80v256c0 26.5-21.5 48-48 48h-48V128h48c26.5 0 48 21.5 48 48zM96 480H48c-26.5 0-48-21.5-48-48V176c0-26.5 21.5-48 48-48h48v352z\"><\/path><\/svg>\t\t\t\t<\/span>\n\t\t\t<\/div>\n\t\t\t\n\t\t\t\t\t\t<div class=\"elementor-icon-box-content\">\n\n\t\t\t\t\t\t\t\t\t<h4 class=\"elementor-icon-box-title\">\n\t\t\t\t\t\t<span  >\n\t\t\t\t\t\t\tSORTEZ DU BUREAU ET LAISSEZ-NOUS VOUS EMBARQUER DANS L'AVENTURE !\t\t\t\t\t\t<\/span>\n\t\t\t\t\t<\/h4>\n\t\t\t\t\n\t\t\t\t\t\t\t\t\t<p class=\"elementor-icon-box-description\">\n\t\t\t\t\t\tQuad Adventures propose des activit\u00e9s d'aventure de team building dans un environnement naturel et une flexibilit\u00e9 pour cr\u00e9er une aventure adapt\u00e9e aux besoins de votre entreprise.\t\t\t\t\t<\/p>\n\t\t\t\t\n\t\t\t<\/div>\n\t\t\t\n\t\t<\/div>\n\t\t\t\t\t\t<\/div>\n\t\t\t\t<\/div>\n\t\t<div class=\"elementor-element elementor-element-55aa75a8 e-con-full e-flex e-con e-child\" data-id=\"55aa75a8\" data-element_type=\"container\" data-e-type=\"container\">\n\t\t\t\t<div class=\"elementor-element elementor-element-6048ae90 elementor-view-default elementor-position-block-start elementor-mobile-position-block-start elementor-widget elementor-widget-icon-box\" data-id=\"6048ae90\" data-element_type=\"widget\" data-e-type=\"widget\" data-widget_type=\"icon-box.default\">\n\t\t\t\t\t\t\t<div class=\"elementor-icon-box-wrapper\">\n\n\t\t\t\t\t\t<div class=\"elementor-icon-box-icon\">\n\t\t\t\t<span  class=\"elementor-icon\">\n\t\t\t\t<svg aria-hidden=\"true\" class=\"e-font-icon-svg e-fas-rocket\" viewBox=\"0 0 512 512\" xmlns=\"http:\/\/www.w3.org\/2000\/svg\"><path d=\"M505.12019,19.09375c-1.18945-5.53125-6.65819-11-12.207-12.1875C460.716,0,435.507,0,410.40747,0,307.17523,0,245.26909,55.20312,199.05238,128H94.83772c-16.34763.01562-35.55658,11.875-42.88664,26.48438L2.51562,253.29688A28.4,28.4,0,0,0,0,264a24.00867,24.00867,0,0,0,24.00582,24H127.81618l-22.47457,22.46875c-11.36521,11.36133-12.99607,32.25781,0,45.25L156.24582,406.625c11.15623,11.1875,32.15619,13.15625,45.27726,0l22.47457-22.46875V488a24.00867,24.00867,0,0,0,24.00581,24,28.55934,28.55934,0,0,0,10.707-2.51562l98.72834-49.39063c14.62888-7.29687,26.50776-26.5,26.50776-42.85937V312.79688c72.59753-46.3125,128.03493-108.40626,128.03493-211.09376C512.07526,76.5,512.07526,51.29688,505.12019,19.09375ZM384.04033,168A40,40,0,1,1,424.05,128,40.02322,40.02322,0,0,1,384.04033,168Z\"><\/path><\/svg>\t\t\t\t<\/span>\n\t\t\t<\/div>\n\t\t\t\n\t\t\t\t\t\t<div class=\"elementor-icon-box-content\">\n\n\t\t\t\t\t\t\t\t\t<h4 class=\"elementor-icon-box-title\">\n\t\t\t\t\t\t<span  >\n\t\t\t\t\t\t\tAUCUNE EXP\u00c9RIENCE !\t\t\t\t\t\t<\/span>\n\t\t\t\t\t<\/h4>\n\t\t\t\t\n\t\t\t\t\t\t\t\t\t<p class=\"elementor-icon-box-description\">\n\t\t\t\t\t\tQuad Adventures propose des activit\u00e9s d'aventure de team building dans un environnement naturel et une flexibilit\u00e9 pour cr\u00e9er une aventure adapt\u00e9e aux besoins de votre entreprise.\t\t\t\t\t<\/p>\n\t\t\t\t\n\t\t\t<\/div>\n\t\t\t\n\t\t<\/div>\n\t\t\t\t\t\t<\/div>\n\t\t\t\t<\/div>\n\t\t<div class=\"elementor-element elementor-element-6133beae e-con-full e-flex e-con e-child\" data-id=\"6133beae\" data-element_type=\"container\" data-e-type=\"container\">\n\t\t\t\t<div class=\"elementor-element elementor-element-3a9bf8a7 elementor-view-default elementor-position-block-start elementor-mobile-position-block-start elementor-widget elementor-widget-icon-box\" data-id=\"3a9bf8a7\" data-element_type=\"widget\" data-e-type=\"widget\" data-widget_type=\"icon-box.default\">\n\t\t\t\t\t\t\t<div class=\"elementor-icon-box-wrapper\">\n\n\t\t\t\t\t\t<div class=\"elementor-icon-box-icon\">\n\t\t\t\t<span  class=\"elementor-icon\">\n\t\t\t\t<svg aria-hidden=\"true\" class=\"e-font-icon-svg e-fas-swimmer\" viewBox=\"0 0 640 512\" xmlns=\"http:\/\/www.w3.org\/2000\/svg\"><path d=\"M189.61 310.58c3.54 3.26 15.27 9.42 34.39 9.42s30.86-6.16 34.39-9.42c16.02-14.77 34.5-22.58 53.46-22.58h16.3c18.96 0 37.45 7.81 53.46 22.58 3.54 3.26 15.27 9.42 34.39 9.42s30.86-6.16 34.39-9.42c14.86-13.71 31.88-21.12 49.39-22.16l-112.84-80.6 18-12.86c3.64-2.58 8.28-3.52 12.62-2.61l100.35 21.53c25.91 5.53 51.44-10.97 57-36.88 5.55-25.92-10.95-51.44-36.88-57L437.68 98.47c-30.73-6.58-63.02.12-88.56 18.38l-80.02 57.17c-10.38 7.39-19.36 16.44-26.72 26.94L173.75 299c5.47 3.23 10.82 6.93 15.86 11.58zM624 352h-16c-26.04 0-45.8-8.42-56.09-17.9-8.9-8.21-19.66-14.1-31.77-14.1h-16.3c-12.11 0-22.87 5.89-31.77 14.1C461.8 343.58 442.04 352 416 352s-45.8-8.42-56.09-17.9c-8.9-8.21-19.66-14.1-31.77-14.1h-16.3c-12.11 0-22.87 5.89-31.77 14.1C269.8 343.58 250.04 352 224 352s-45.8-8.42-56.09-17.9c-8.9-8.21-19.66-14.1-31.77-14.1h-16.3c-12.11 0-22.87 5.89-31.77 14.1C77.8 343.58 58.04 352 32 352H16c-8.84 0-16 7.16-16 16v32c0 8.84 7.16 16 16 16h16c38.62 0 72.72-12.19 96-31.84 23.28 19.66 57.38 31.84 96 31.84s72.72-12.19 96-31.84c23.28 19.66 57.38 31.84 96 31.84s72.72-12.19 96-31.84c23.28 19.66 57.38 31.84 96 31.84h16c8.84 0 16-7.16 16-16v-32c0-8.84-7.16-16-16-16zm-512-96c44.18 0 80-35.82 80-80s-35.82-80-80-80-80 35.82-80 80 35.82 80 80 80z\"><\/path><\/svg>\t\t\t\t<\/span>\n\t\t\t<\/div>\n\t\t\t\n\t\t\t\t\t\t<div class=\"elementor-icon-box-content\">\n\n\t\t\t\t\t\t\t\t\t<h4 class=\"elementor-icon-box-title\">\n\t\t\t\t\t\t<span  >\n\t\t\t\t\t\t\tDIFF\u00c9RENCE ENTRE LES TOURS\t\t\t\t\t\t<\/span>\n\t\t\t\t\t<\/h4>\n\t\t\t\t\n\t\t\t\t\t\t\t\t\t<p class=\"elementor-icon-box-description\">\n\t\t\t\t\t\tOn nous demande souvent quelle est la diff\u00e9rence entre une excursion de 2 heures et une excursion de 3 heures avec arr\u00eat baignade.<br>L'itin\u00e9raire pour l'excursion de 2 heures est le m\u00eame que pour l'excursion de 3 heures, mais l'excursion de 3 heures comporte 1 itin\u00e9raire suppl\u00e9mentaire vers la partie sud<br>de l'\u00eele de \u010ciovo o\u00f9 vous avez du temps libre (environ 20 minutes) sur une petite plage cach\u00e9e pour<br>nager et vous d\u00e9tendre.\t\t\t\t\t<\/p>\n\t\t\t\t\n\t\t\t<\/div>\n\t\t\t\n\t\t<\/div>\n\t\t\t\t\t\t<\/div>\n\t\t\t\t<\/div>\n\t\t\t\t\t<\/div>\n\t\t\t\t<\/div>\n\t\t\t\t<\/div>\n\t\t","protected":false},"excerpt":{"rendered":"<p>\u00c0 PROPOS DE NOUS Nous proposons des aventures en quad depuis pr\u00e8s de dix ans. Vivez la nature en toute s\u00e9curit\u00e9 avec nos instructeurs. Nous pouvons vous garantir une balade inoubliable\u00a0! L&rsquo;AVENTURE D&rsquo;UNE VIE! Laissez-nous vous emmener dans l&rsquo;aventure de votre vie\u00a0!Notre instructeur de s\u00e9curit\u00e9 qualifi\u00e9 vous fera d\u00e9couvrir la mani\u00e8re s\u00fbre et amusante d&rsquo;explorer [&hellip;]<\/p>\n","protected":false},"author":1,"featured_media":0,"parent":0,"menu_order":0,"comment_status":"closed","ping_status":"closed","template":"elementor_theme","meta":{"_joinchat":[],"footnotes":""},"class_list":["post-1445","page","type-page","status-publish","hentry"],"yoast_head":"<!-- This site is optimized with the Yoast SEO plugin v27.3 - https:\/\/yoast.com\/product\/yoast-seo-wordpress\/ -->\n<title>\u00c0 propos de nous | Quad &amp; ATV Tours | Adventures Trogir<\/title>\n<meta name=\"robots\" content=\"index, follow, max-snippet:-1, max-image-preview:large, max-video-preview:-1\" \/>\n<link rel=\"canonical\" href=\"https:\/\/quad.hr\/fr\/a-propos-de-nous\/\" \/>\n<meta property=\"og:locale\" content=\"fr_FR\" \/>\n<meta property=\"og:type\" content=\"article\" \/>\n<meta property=\"og:title\" content=\"\u00c0 propos de nous | Quad &amp; ATV Tours | Adventures Trogir\" \/>\n<meta property=\"og:description\" content=\"\u00c0 PROPOS DE NOUS Nous proposons des aventures en quad depuis pr\u00e8s de dix ans. Vivez la nature en toute s\u00e9curit\u00e9 avec nos instructeurs. Nous pouvons vous garantir une balade inoubliable\u00a0! L&rsquo;AVENTURE D&rsquo;UNE VIE! Laissez-nous vous emmener dans l&rsquo;aventure de votre vie\u00a0!Notre instructeur de s\u00e9curit\u00e9 qualifi\u00e9 vous fera d\u00e9couvrir la mani\u00e8re s\u00fbre et amusante d&rsquo;explorer [&hellip;]\" \/>\n<meta property=\"og:url\" content=\"https:\/\/quad.hr\/fr\/a-propos-de-nous\/\" \/>\n<meta property=\"og:site_name\" content=\"Quad &amp; ATV Tours | Adventures Trogir\" \/>\n<meta property=\"article:publisher\" content=\"https:\/\/www.facebook.com\/quadadventurestrogir\/\" \/>\n<meta property=\"article:modified_time\" content=\"2025-04-24T15:07:20+00:00\" \/>\n<meta property=\"og:image\" content=\"https:\/\/quad.hr\/wp-content\/uploads\/2019\/04\/logo-green@2x.png\" \/>\n\t<meta property=\"og:image:width\" content=\"90\" \/>\n\t<meta property=\"og:image:height\" content=\"90\" \/>\n\t<meta property=\"og:image:type\" content=\"image\/png\" \/>\n<meta name=\"twitter:card\" content=\"summary_large_image\" \/>\n<meta name=\"twitter:label1\" content=\"Dur\u00e9e de lecture estim\u00e9e\" \/>\n\t<meta name=\"twitter:data1\" content=\"2 minutes\" \/>\n<script type=\"application\/ld+json\" class=\"yoast-schema-graph\">{\"@context\":\"https:\\\/\\\/schema.org\",\"@graph\":[{\"@type\":\"WebPage\",\"@id\":\"https:\\\/\\\/quad.hr\\\/fr\\\/a-propos-de-nous\\\/\",\"url\":\"https:\\\/\\\/quad.hr\\\/fr\\\/a-propos-de-nous\\\/\",\"name\":\"\u00c0 propos de nous | Quad &amp; ATV Tours | Adventures Trogir\",\"isPartOf\":{\"@id\":\"https:\\\/\\\/quad.hr\\\/fr\\\/#website\"},\"primaryImageOfPage\":{\"@id\":\"https:\\\/\\\/quad.hr\\\/fr\\\/a-propos-de-nous\\\/#primaryimage\"},\"image\":{\"@id\":\"https:\\\/\\\/quad.hr\\\/fr\\\/a-propos-de-nous\\\/#primaryimage\"},\"thumbnailUrl\":\"https:\\\/\\\/quad.hr\\\/wp-content\\\/uploads\\\/2019\\\/04\\\/logo-green@2x.png\",\"datePublished\":\"2017-03-03T05:35:19+00:00\",\"dateModified\":\"2025-04-24T15:07:20+00:00\",\"breadcrumb\":{\"@id\":\"https:\\\/\\\/quad.hr\\\/fr\\\/a-propos-de-nous\\\/#breadcrumb\"},\"inLanguage\":\"fr-FR\",\"potentialAction\":[{\"@type\":\"ReadAction\",\"target\":[\"https:\\\/\\\/quad.hr\\\/fr\\\/a-propos-de-nous\\\/\"]}]},{\"@type\":\"ImageObject\",\"inLanguage\":\"fr-FR\",\"@id\":\"https:\\\/\\\/quad.hr\\\/fr\\\/a-propos-de-nous\\\/#primaryimage\",\"url\":\"https:\\\/\\\/quad.hr\\\/wp-content\\\/uploads\\\/2019\\\/04\\\/logo-green@2x.png\",\"contentUrl\":\"https:\\\/\\\/quad.hr\\\/wp-content\\\/uploads\\\/2019\\\/04\\\/logo-green@2x.png\"},{\"@type\":\"BreadcrumbList\",\"@id\":\"https:\\\/\\\/quad.hr\\\/fr\\\/a-propos-de-nous\\\/#breadcrumb\",\"itemListElement\":[{\"@type\":\"ListItem\",\"position\":1,\"name\":\"Home\",\"item\":\"https:\\\/\\\/quad.hr\\\/fr\\\/\"},{\"@type\":\"ListItem\",\"position\":2,\"name\":\"\u00c0 propos de nous\"}]},{\"@type\":\"WebSite\",\"@id\":\"https:\\\/\\\/quad.hr\\\/fr\\\/#website\",\"url\":\"https:\\\/\\\/quad.hr\\\/fr\\\/\",\"name\":\"Quad | Adventures Trogir\",\"description\":\"quad, tour,  split, trogir, adventures, excursion, adrenaline, ride, buggy, ATV, rent\",\"potentialAction\":[{\"@type\":\"SearchAction\",\"target\":{\"@type\":\"EntryPoint\",\"urlTemplate\":\"https:\\\/\\\/quad.hr\\\/fr\\\/?s={search_term_string}\"},\"query-input\":{\"@type\":\"PropertyValueSpecification\",\"valueRequired\":true,\"valueName\":\"search_term_string\"}}],\"inLanguage\":\"fr-FR\"}]}<\/script>\n<!-- \/ Yoast SEO plugin. -->","yoast_head_json":{"title":"\u00c0 propos de nous | Quad &amp; ATV Tours | Adventures Trogir","robots":{"index":"index","follow":"follow","max-snippet":"max-snippet:-1","max-image-preview":"max-image-preview:large","max-video-preview":"max-video-preview:-1"},"canonical":"https:\/\/quad.hr\/fr\/a-propos-de-nous\/","og_locale":"fr_FR","og_type":"article","og_title":"\u00c0 propos de nous | Quad &amp; ATV Tours | Adventures Trogir","og_description":"\u00c0 PROPOS DE NOUS Nous proposons des aventures en quad depuis pr\u00e8s de dix ans. Vivez la nature en toute s\u00e9curit\u00e9 avec nos instructeurs. Nous pouvons vous garantir une balade inoubliable\u00a0! L&rsquo;AVENTURE D&rsquo;UNE VIE! Laissez-nous vous emmener dans l&rsquo;aventure de votre vie\u00a0!Notre instructeur de s\u00e9curit\u00e9 qualifi\u00e9 vous fera d\u00e9couvrir la mani\u00e8re s\u00fbre et amusante d&rsquo;explorer [&hellip;]","og_url":"https:\/\/quad.hr\/fr\/a-propos-de-nous\/","og_site_name":"Quad &amp; ATV Tours | Adventures Trogir","article_publisher":"https:\/\/www.facebook.com\/quadadventurestrogir\/","article_modified_time":"2025-04-24T15:07:20+00:00","og_image":[{"width":90,"height":90,"url":"https:\/\/quad.hr\/wp-content\/uploads\/2019\/04\/logo-green@2x.png","type":"image\/png"}],"twitter_card":"summary_large_image","twitter_misc":{"Dur\u00e9e de lecture estim\u00e9e":"2 minutes"},"schema":{"@context":"https:\/\/schema.org","@graph":[{"@type":"WebPage","@id":"https:\/\/quad.hr\/fr\/a-propos-de-nous\/","url":"https:\/\/quad.hr\/fr\/a-propos-de-nous\/","name":"\u00c0 propos de nous | Quad &amp; ATV Tours | Adventures Trogir","isPartOf":{"@id":"https:\/\/quad.hr\/fr\/#website"},"primaryImageOfPage":{"@id":"https:\/\/quad.hr\/fr\/a-propos-de-nous\/#primaryimage"},"image":{"@id":"https:\/\/quad.hr\/fr\/a-propos-de-nous\/#primaryimage"},"thumbnailUrl":"https:\/\/quad.hr\/wp-content\/uploads\/2019\/04\/logo-green@2x.png","datePublished":"2017-03-03T05:35:19+00:00","dateModified":"2025-04-24T15:07:20+00:00","breadcrumb":{"@id":"https:\/\/quad.hr\/fr\/a-propos-de-nous\/#breadcrumb"},"inLanguage":"fr-FR","potentialAction":[{"@type":"ReadAction","target":["https:\/\/quad.hr\/fr\/a-propos-de-nous\/"]}]},{"@type":"ImageObject","inLanguage":"fr-FR","@id":"https:\/\/quad.hr\/fr\/a-propos-de-nous\/#primaryimage","url":"https:\/\/quad.hr\/wp-content\/uploads\/2019\/04\/logo-green@2x.png","contentUrl":"https:\/\/quad.hr\/wp-content\/uploads\/2019\/04\/logo-green@2x.png"},{"@type":"BreadcrumbList","@id":"https:\/\/quad.hr\/fr\/a-propos-de-nous\/#breadcrumb","itemListElement":[{"@type":"ListItem","position":1,"name":"Home","item":"https:\/\/quad.hr\/fr\/"},{"@type":"ListItem","position":2,"name":"\u00c0 propos de nous"}]},{"@type":"WebSite","@id":"https:\/\/quad.hr\/fr\/#website","url":"https:\/\/quad.hr\/fr\/","name":"Quad | Adventures Trogir","description":"quad, tour,  split, trogir, adventures, excursion, adrenaline, ride, buggy, ATV, rent","potentialAction":[{"@type":"SearchAction","target":{"@type":"EntryPoint","urlTemplate":"https:\/\/quad.hr\/fr\/?s={search_term_string}"},"query-input":{"@type":"PropertyValueSpecification","valueRequired":true,"valueName":"search_term_string"}}],"inLanguage":"fr-FR"}]}},"_links":{"self":[{"href":"https:\/\/quad.hr\/fr\/wp-json\/wp\/v2\/pages\/1445","targetHints":{"allow":["GET"]}}],"collection":[{"href":"https:\/\/quad.hr\/fr\/wp-json\/wp\/v2\/pages"}],"about":[{"href":"https:\/\/quad.hr\/fr\/wp-json\/wp\/v2\/types\/page"}],"author":[{"embeddable":true,"href":"https:\/\/quad.hr\/fr\/wp-json\/wp\/v2\/users\/1"}],"replies":[{"embeddable":true,"href":"https:\/\/quad.hr\/fr\/wp-json\/wp\/v2\/comments?post=1445"}],"version-history":[{"count":2,"href":"https:\/\/quad.hr\/fr\/wp-json\/wp\/v2\/pages\/1445\/revisions"}],"predecessor-version":[{"id":1569,"href":"https:\/\/quad.hr\/fr\/wp-json\/wp\/v2\/pages\/1445\/revisions\/1569"}],"wp:attachment":[{"href":"https:\/\/quad.hr\/fr\/wp-json\/wp\/v2\/media?parent=1445"}],"curies":[{"name":"wp","href":"https:\/\/api.w.org\/{rel}","templated":true}]}}